{"id":509,"date":"2020-04-17T13:23:05","date_gmt":"2020-04-17T11:23:05","guid":{"rendered":"http:\/\/unepausenchantelle.fr\/?page_id=509"},"modified":"2024-11-23T09:13:13","modified_gmt":"2024-11-23T08:13:13","slug":"nous-situer","status":"publish","type":"page","link":"https:\/\/unepausenchantelle.fr\/index.php\/nous-situer\/","title":{"rendered":"Passer par ici"},"content":{"rendered":"\n<p class=\"has-text-align-center has-very-dark-gray-color has-text-color has-background has-normal-font-size\" style=\"background-color:#ffb81f8f\"><strong>Chantelle se situe dans le d\u00e9partement de l&rsquo;Allier.<\/strong><\/p>\n\n\n\n<div class=\"wp-block-group is-layout-flow\"><div class=\"wp-block-group__inner-container\">\n<div class=\"wp-block-group is-layout-flow\"><div class=\"wp-block-group__inner-container\">\n<div class=\"wp-block-group is-layout-flow\"><div class=\"wp-block-group__inner-container\">\n<div class=\"wp-block-group is-layout-flow\"><div class=\"wp-block-group__inner-container\">\n<div class=\"wp-block-group is-layout-flow\"><div class=\"wp-block-group__inner-container\">\n<p class=\"has-text-align-center has-very-dark-gray-color has-text-color has-background has-normal-font-size\" style=\"background-color:#ffb81f8f\">Nous vous accueillons au<strong> 35 rue de Bourgneuf, 03140 Chantelle<\/strong><\/p>\n<\/div><\/div>\n<\/div><\/div>\n<\/div><\/div>\n<\/div><\/div>\n<\/div><\/div>\n\n\n\n<div class=\"wp-block-group is-layout-flow\"><div class=\"wp-block-group__inner-container\">\n<div class=\"wp-block-group is-layout-flow\"><div class=\"wp-block-group__inner-container\">\n<div class=\"wp-block-group is-layout-flow\"><div class=\"wp-block-group__inner-container\">\n<div class=\"wp-block-group is-layout-flow\"><div class=\"wp-block-group__inner-container\">\n<p class=\"has-text-align-center has-very-dark-gray-color has-text-color has-background has-normal-font-size\" style=\"background-color:#ffb81f8f\">Coordonn\u00e9es GPS :  <strong> Long : 46.240967     Lat : 3.158674<\/strong><\/p>\n<\/div><\/div>\n<\/div><\/div>\n<\/div><\/div>\n<\/div><\/div>\n\n\n\n<figure class=\"wp-block-gallery has-nested-images columns-default is-cropped wp-block-gallery-10 is-layout-flex\">\n<figure class=\"wp-block-image size-large\"><img decoding=\"async\" loading=\"lazy\" width=\"1024\" height=\"576\" data-id=\"1464\"  src=\"https:\/\/unepausenchantelle.fr\/wp-content\/uploads\/2022\/02\/IMG_20211014_161810-1-1024x576.jpg\" alt=\"\" class=\"wp-image-1464\" srcset=\"https:\/\/unepausenchantelle.fr\/wp-content\/uploads\/2022\/02\/IMG_20211014_161810-1-1024x576.jpg 1024w, https:\/\/unepausenchantelle.fr\/wp-content\/uploads\/2022\/02\/IMG_20211014_161810-1-300x169.jpg 300w, https:\/\/unepausenchantelle.fr\/wp-content\/uploads\/2022\/02\/IMG_20211014_161810-1-768x432.jpg 768w, https:\/\/unepausenchantelle.fr\/wp-content\/uploads\/2022\/02\/IMG_20211014_161810-1-1536x864.jpg 1536w, https:\/\/unepausenchantelle.fr\/wp-content\/uploads\/2022\/02\/IMG_20211014_161810-1-2048x1152.jpg 2048w\" sizes=\"(max-width: 706px) 89vw, (max-width: 767px) 82vw, 740px\" \/><\/figure>\n<\/figure>\n\n\n\n<div class=\"wp-block-group is-layout-flow\"><div class=\"wp-block-group__inner-container\">\n<div class=\"wp-block-group is-layout-flow\"><div class=\"wp-block-group__inner-container\">\n<div class=\"wp-block-group is-layout-flow\"><div class=\"wp-block-group__inner-container\">\n<div class=\"wp-block-group is-layout-flow\"><div class=\"wp-block-group__inner-container\">\n<p class=\"has-text-align-center has-very-dark-gray-color has-text-color has-background has-normal-font-size\" style=\"background-color:#ffb81f8f\">La chambre d&rsquo;h\u00f4tes est voisine du mini-golf \/ terrain de tennis<\/p>\n<\/div><\/div>\n<\/div><\/div>\n<\/div><\/div>\n<\/div><\/div>\n\n\n\n<div class=\"wp-block-columns is-layout-flex wp-container-17\">\n<div class=\"wp-block-column is-layout-flow\">\n<p class=\"has-text-align-right has-normal-font-size\">De Rennes, prenez la sortie Montmarault.<\/p>\n\n\n\n<p class=\"has-text-align-right\">De Lille, la commune est accessible par l&rsquo;A77.<\/p>\n\n\n\n<p class=\"has-text-align-right\">De Grenoble ou Cannes, vous pouvez passer par Clermont-Ferrand ou quitter l&rsquo;A89 \u00e0 la sortie 33 pour rejoindre la N7.<\/p>\n\n\n\n<p class=\"has-text-align-right\">De Bordeaux, nous vous conseillons la sortie Gannat.<\/p>\n<\/div>\n<\/div>\n\n\n\n<div class=\"wp-block-columns is-layout-flex wp-container-20\">\n<div class=\"wp-block-column is-layout-flow\">\n<p class=\"has-text-align-center has-background\" style=\"background-color:#ffb81f8f\">Circuit moto en Val de Sioule<\/p>\n\n\n\n<p class=\"has-text-align-center\"><blockquote class=\"wp-embedded-content\" data-secret=\"qj59taMdSD\"><a href=\"https:\/\/www.valdesioule.com\/pleine-nature\/circuit-moto\/\">Circuit moto en Val de Sioule<\/a><\/blockquote><iframe class=\"wp-embedded-content\" sandbox=\"allow-scripts\" security=\"restricted\" style=\"position: absolute; clip: rect(1px, 1px, 1px, 1px);\" title=\"\u00ab\u00a0Circuit moto en Val de Sioule\u00a0\u00bb &#8212; Office de tourisme du Val de Sioule\" src=\"https:\/\/www.valdesioule.com\/pleine-nature\/circuit-moto\/embed\/#?secret=qj59taMdSD\" data-secret=\"qj59taMdSD\" width=\"525\" height=\"296\" frameborder=\"0\" marginwidth=\"0\" marginheight=\"0\" scrolling=\"no\"><\/iframe><\/p>\n\n\n\n<p><\/p>\n<\/div>\n\n\n\n<div class=\"wp-block-column is-layout-flow\">\n<p class=\"has-text-align-center has-background\" style=\"background-color:#ffb81f8f\">Grande Travers\u00e9e du Massif Central \u00e0 VTT<\/p>\n\n\n\n<p class=\"has-text-align-center\"><a href=\"https:\/\/www.allier-auvergne-tourisme.com\/activites\/activites-nature\/allier-a-velo\/velo-vtt-ou-voie-verte-\/les-secteurs-de-vtt\/la-gtmc-7397-1.html\">https:\/\/www.allier-auvergne-tourisme.com\/activites\/activites-nature\/allier-a-velo\/velo-vtt-ou-voie-verte-\/les-secteurs-de-vtt\/la-gtmc-7397-1.html<\/a><\/p>\n<\/div>\n<\/div>\n\n\n\n<p class=\"has-large-font-size\"><strong>Dans le village<\/strong><\/p>\n\n\n<div class=\"wp-block-image\">\n<figure class=\"aligncenter size-large\"><img decoding=\"async\" loading=\"lazy\" width=\"883\" height=\"391\" src=\"https:\/\/unepausenchantelle.fr\/wp-content\/uploads\/2020\/04\/Alim.png\" alt=\"\" class=\"wp-image-678\" srcset=\"https:\/\/unepausenchantelle.fr\/wp-content\/uploads\/2020\/04\/Alim.png 883w, https:\/\/unepausenchantelle.fr\/wp-content\/uploads\/2020\/04\/Alim-350x155.png 350w, https:\/\/unepausenchantelle.fr\/wp-content\/uploads\/2020\/04\/Alim-300x133.png 300w, https:\/\/unepausenchantelle.fr\/wp-content\/uploads\/2020\/04\/Alim-768x340.png 768w, https:\/\/unepausenchantelle.fr\/wp-content\/uploads\/2020\/04\/Alim-135x60.png 135w\" sizes=\"(max-width: 706px) 89vw, (max-width: 767px) 82vw, 740px\" \/><\/figure><\/div>\n\n\n<div class=\"wp-block-columns is-layout-flex wp-container-26\">\n<div class=\"wp-block-column is-layout-flow\">\n<figure class=\"wp-block-gallery has-nested-images columns-default is-cropped wp-block-gallery-21 is-layout-flex\">\n<figure class=\"wp-block-image size-thumbnail\"><img decoding=\"async\" loading=\"lazy\" width=\"150\" height=\"150\" src=\"https:\/\/unepausenchantelle.fr\/wp-content\/uploads\/2021\/04\/IMG_20210422_142531-2-2-150x150.jpg\" alt=\"\" class=\"wp-image-1208\" srcset=\"https:\/\/unepausenchantelle.fr\/wp-content\/uploads\/2021\/04\/IMG_20210422_142531-2-2-150x150.jpg 150w, https:\/\/unepausenchantelle.fr\/wp-content\/uploads\/2021\/04\/IMG_20210422_142531-2-2-100x100.jpg 100w, https:\/\/unepausenchantelle.fr\/wp-content\/uploads\/2021\/04\/IMG_20210422_142531-2-2-250x250.jpg 250w\" sizes=\"(max-width: 150px) 100vw, 150px\" \/><\/figure>\n<\/figure>\n<\/div>\n\n\n\n<div class=\"wp-block-column is-layout-flow\"><\/div>\n\n\n\n<div class=\"wp-block-column is-layout-flow\"><\/div>\n<\/div>\n\n\n\n<div class=\"wp-block-group is-layout-flow\"><div class=\"wp-block-group__inner-container\"><div class=\"wp-block-image\">\n<figure class=\"aligncenter size-large\"><img decoding=\"async\" loading=\"lazy\" width=\"863\" height=\"355\" src=\"https:\/\/unepausenchantelle.fr\/wp-content\/uploads\/2020\/04\/m\u00e9canique.png\" alt=\"\" class=\"wp-image-679\" srcset=\"https:\/\/unepausenchantelle.fr\/wp-content\/uploads\/2020\/04\/m\u00e9canique.png 863w, https:\/\/unepausenchantelle.fr\/wp-content\/uploads\/2020\/04\/m\u00e9canique-350x144.png 350w, https:\/\/unepausenchantelle.fr\/wp-content\/uploads\/2020\/04\/m\u00e9canique-300x123.png 300w, https:\/\/unepausenchantelle.fr\/wp-content\/uploads\/2020\/04\/m\u00e9canique-768x316.png 768w, https:\/\/unepausenchantelle.fr\/wp-content\/uploads\/2020\/04\/m\u00e9canique-146x60.png 146w\" sizes=\"(max-width: 706px) 89vw, (max-width: 767px) 82vw, 740px\" \/><\/figure><\/div><\/div><\/div>\n\n\n<div class=\"wp-block-image\">\n<figure class=\"aligncenter size-large is-resized\"><img decoding=\"async\" loading=\"lazy\" src=\"https:\/\/unepausenchantelle.fr\/wp-content\/uploads\/2020\/04\/Voir-E-2.png\" alt=\"\" class=\"wp-image-970\" width=\"233\" height=\"171\" srcset=\"https:\/\/unepausenchantelle.fr\/wp-content\/uploads\/2020\/04\/Voir-E-2.png 486w, https:\/\/unepausenchantelle.fr\/wp-content\/uploads\/2020\/04\/Voir-E-2-300x220.png 300w, https:\/\/unepausenchantelle.fr\/wp-content\/uploads\/2020\/04\/Voir-E-2-350x256.png 350w\" sizes=\"(max-width: 233px) 100vw, 233px\" \/><figcaption class=\"wp-element-caption\">  Borne de recharge \u00e9lectrique \u00e0 50m<\/figcaption><\/figure><\/div>","protected":false},"excerpt":{"rendered":"<p>Chantelle se situe dans le d\u00e9partement de l&rsquo;Allier. Nous vous accueillons au 35 rue de Bourgneuf, 03140 Chantelle Coordonn\u00e9es GPS : Long : 46.240967 Lat : 3.158674 La chambre d&rsquo;h\u00f4tes est voisine du mini-golf \/ terrain de tennis De Rennes, prenez la sortie Montmarault. De Lille, la commune est accessible par l&rsquo;A77. De Grenoble ou &hellip; <\/p>\n<p class=\"link-more\"><a href=\"https:\/\/unepausenchantelle.fr\/index.php\/nous-situer\/\" class=\"more-link\">Continuer la lecture<span class=\"screen-reader-text\"> de &laquo;&nbsp;Passer par ici&nbsp;&raquo;<\/span><\/a><\/p>\n","protected":false},"author":1,"featured_media":651,"parent":0,"menu_order":0,"comment_status":"closed","ping_status":"closed","template":"","meta":[],"yoast_head":"<!-- This site is optimized with the Yoast SEO plugin v21.8.1 - https:\/\/yoast.com\/wordpress\/plugins\/seo\/ -->\n<title>Passer par ici - Une pause en Chantelle<\/title>\n<meta name=\"robots\" content=\"index, follow, max-snippet:-1, max-image-preview:large, max-video-preview:-1\" \/>\n<link rel=\"canonical\" href=\"https:\/\/unepausenchantelle.fr\/index.php\/nous-situer\/\" \/>\n<meta property=\"og:locale\" content=\"fr_FR\" \/>\n<meta property=\"og:type\" content=\"article\" \/>\n<meta property=\"og:title\" content=\"Passer par ici - Une pause en Chantelle\" \/>\n<meta property=\"og:description\" content=\"Chantelle se situe dans le d\u00e9partement de l&rsquo;Allier. Nous vous accueillons au 35 rue de Bourgneuf, 03140 Chantelle Coordonn\u00e9es GPS : Long : 46.240967 Lat : 3.158674 La chambre d&rsquo;h\u00f4tes est voisine du mini-golf \/ terrain de tennis De Rennes, prenez la sortie Montmarault. De Lille, la commune est accessible par l&rsquo;A77. De Grenoble ou &hellip; Continuer la lecture de &laquo;&nbsp;Passer par ici&nbsp;&raquo;\" \/>\n<meta property=\"og:url\" content=\"https:\/\/unepausenchantelle.fr\/index.php\/nous-situer\/\" \/>\n<meta property=\"og:site_name\" content=\"Une pause en Chantelle\" \/>\n<meta property=\"article:modified_time\" content=\"2024-11-23T08:13:13+00:00\" \/>\n<meta property=\"og:image\" content=\"https:\/\/unepausenchantelle.fr\/wp-content\/uploads\/2020\/04\/carte-france.png\" \/>\n\t<meta property=\"og:image:width\" content=\"1157\" \/>\n\t<meta property=\"og:image:height\" content=\"1085\" \/>\n\t<meta property=\"og:image:type\" content=\"image\/png\" \/>\n<meta name=\"twitter:card\" content=\"summary_large_image\" \/>\n<meta name=\"twitter:label1\" content=\"Dur\u00e9e de lecture estim\u00e9e\" \/>\n\t<meta name=\"twitter:data1\" content=\"2 minutes\" \/>\n<script type=\"application\/ld+json\" class=\"yoast-schema-graph\">{\"@context\":\"https:\/\/schema.org\",\"@graph\":[{\"@type\":\"WebPage\",\"@id\":\"https:\/\/unepausenchantelle.fr\/index.php\/nous-situer\/\",\"url\":\"https:\/\/unepausenchantelle.fr\/index.php\/nous-situer\/\",\"name\":\"Passer par ici - Une pause en Chantelle\",\"isPartOf\":{\"@id\":\"https:\/\/unepausenchantelle.fr\/#website\"},\"datePublished\":\"2020-04-17T11:23:05+00:00\",\"dateModified\":\"2024-11-23T08:13:13+00:00\",\"breadcrumb\":{\"@id\":\"https:\/\/unepausenchantelle.fr\/index.php\/nous-situer\/#breadcrumb\"},\"inLanguage\":\"fr-FR\",\"potentialAction\":[{\"@type\":\"ReadAction\",\"target\":[\"https:\/\/unepausenchantelle.fr\/index.php\/nous-situer\/\"]}]},{\"@type\":\"BreadcrumbList\",\"@id\":\"https:\/\/unepausenchantelle.fr\/index.php\/nous-situer\/#breadcrumb\",\"itemListElement\":[{\"@type\":\"ListItem\",\"position\":1,\"name\":\"Accueil\",\"item\":\"https:\/\/unepausenchantelle.fr\/\"},{\"@type\":\"ListItem\",\"position\":2,\"name\":\"Passer par ici\"}]},{\"@type\":\"WebSite\",\"@id\":\"https:\/\/unepausenchantelle.fr\/#website\",\"url\":\"https:\/\/unepausenchantelle.fr\/\",\"name\":\"Une pause en Chantelle\",\"description\":\"Une chambre \u00e0 la campagne vous est r\u00e9serv\u00e9e pour une pause bien m\u00e9rit\u00e9e !  Apr\u00e8s le copieux petit d\u00e9j du lendemain, continuez sereinement votre route ou prenez le temps de d\u00e9couvrir le charme local...\",\"publisher\":{\"@id\":\"https:\/\/unepausenchantelle.fr\/#organization\"},\"potentialAction\":[{\"@type\":\"SearchAction\",\"target\":{\"@type\":\"EntryPoint\",\"urlTemplate\":\"https:\/\/unepausenchantelle.fr\/?s={search_term_string}\"},\"query-input\":\"required name=search_term_string\"}],\"inLanguage\":\"fr-FR\"},{\"@type\":\"Organization\",\"@id\":\"https:\/\/unepausenchantelle.fr\/#organization\",\"name\":\"unepausenchantelle.fr\",\"url\":\"https:\/\/unepausenchantelle.fr\/\",\"logo\":{\"@type\":\"ImageObject\",\"inLanguage\":\"fr-FR\",\"@id\":\"https:\/\/unepausenchantelle.fr\/#\/schema\/logo\/image\/\",\"url\":\"https:\/\/unepausenchantelle.fr\/wp-content\/uploads\/2021\/04\/Chambre-scaled.jpg\",\"contentUrl\":\"https:\/\/unepausenchantelle.fr\/wp-content\/uploads\/2021\/04\/Chambre-scaled.jpg\",\"width\":2560,\"height\":1697,\"caption\":\"unepausenchantelle.fr\"},\"image\":{\"@id\":\"https:\/\/unepausenchantelle.fr\/#\/schema\/logo\/image\/\"}}]}<\/script>\n<!-- \/ Yoast SEO plugin. -->","yoast_head_json":{"title":"Passer par ici - Une pause en Chantelle","robots":{"index":"index","follow":"follow","max-snippet":"max-snippet:-1","max-image-preview":"max-image-preview:large","max-video-preview":"max-video-preview:-1"},"canonical":"https:\/\/unepausenchantelle.fr\/index.php\/nous-situer\/","og_locale":"fr_FR","og_type":"article","og_title":"Passer par ici - Une pause en Chantelle","og_description":"Chantelle se situe dans le d\u00e9partement de l&rsquo;Allier. Nous vous accueillons au 35 rue de Bourgneuf, 03140 Chantelle Coordonn\u00e9es GPS : Long : 46.240967 Lat : 3.158674 La chambre d&rsquo;h\u00f4tes est voisine du mini-golf \/ terrain de tennis De Rennes, prenez la sortie Montmarault. De Lille, la commune est accessible par l&rsquo;A77. De Grenoble ou &hellip; Continuer la lecture de &laquo;&nbsp;Passer par ici&nbsp;&raquo;","og_url":"https:\/\/unepausenchantelle.fr\/index.php\/nous-situer\/","og_site_name":"Une pause en Chantelle","article_modified_time":"2024-11-23T08:13:13+00:00","og_image":[{"width":1157,"height":1085,"url":"https:\/\/unepausenchantelle.fr\/wp-content\/uploads\/2020\/04\/carte-france.png","type":"image\/png"}],"twitter_card":"summary_large_image","twitter_misc":{"Dur\u00e9e de lecture estim\u00e9e":"2 minutes"},"schema":{"@context":"https:\/\/schema.org","@graph":[{"@type":"WebPage","@id":"https:\/\/unepausenchantelle.fr\/index.php\/nous-situer\/","url":"https:\/\/unepausenchantelle.fr\/index.php\/nous-situer\/","name":"Passer par ici - Une pause en Chantelle","isPartOf":{"@id":"https:\/\/unepausenchantelle.fr\/#website"},"datePublished":"2020-04-17T11:23:05+00:00","dateModified":"2024-11-23T08:13:13+00:00","breadcrumb":{"@id":"https:\/\/unepausenchantelle.fr\/index.php\/nous-situer\/#breadcrumb"},"inLanguage":"fr-FR","potentialAction":[{"@type":"ReadAction","target":["https:\/\/unepausenchantelle.fr\/index.php\/nous-situer\/"]}]},{"@type":"BreadcrumbList","@id":"https:\/\/unepausenchantelle.fr\/index.php\/nous-situer\/#breadcrumb","itemListElement":[{"@type":"ListItem","position":1,"name":"Accueil","item":"https:\/\/unepausenchantelle.fr\/"},{"@type":"ListItem","position":2,"name":"Passer par ici"}]},{"@type":"WebSite","@id":"https:\/\/unepausenchantelle.fr\/#website","url":"https:\/\/unepausenchantelle.fr\/","name":"Une pause en Chantelle","description":"Une chambre \u00e0 la campagne vous est r\u00e9serv\u00e9e pour une pause bien m\u00e9rit\u00e9e !  Apr\u00e8s le copieux petit d\u00e9j du lendemain, continuez sereinement votre route ou prenez le temps de d\u00e9couvrir le charme local...","publisher":{"@id":"https:\/\/unepausenchantelle.fr\/#organization"},"potentialAction":[{"@type":"SearchAction","target":{"@type":"EntryPoint","urlTemplate":"https:\/\/unepausenchantelle.fr\/?s={search_term_string}"},"query-input":"required name=search_term_string"}],"inLanguage":"fr-FR"},{"@type":"Organization","@id":"https:\/\/unepausenchantelle.fr\/#organization","name":"unepausenchantelle.fr","url":"https:\/\/unepausenchantelle.fr\/","logo":{"@type":"ImageObject","inLanguage":"fr-FR","@id":"https:\/\/unepausenchantelle.fr\/#\/schema\/logo\/image\/","url":"https:\/\/unepausenchantelle.fr\/wp-content\/uploads\/2021\/04\/Chambre-scaled.jpg","contentUrl":"https:\/\/unepausenchantelle.fr\/wp-content\/uploads\/2021\/04\/Chambre-scaled.jpg","width":2560,"height":1697,"caption":"unepausenchantelle.fr"},"image":{"@id":"https:\/\/unepausenchantelle.fr\/#\/schema\/logo\/image\/"}}]}},"jetpack_sharing_enabled":true,"_links":{"self":[{"href":"https:\/\/unepausenchantelle.fr\/index.php\/wp-json\/wp\/v2\/pages\/509"}],"collection":[{"href":"https:\/\/unepausenchantelle.fr\/index.php\/wp-json\/wp\/v2\/pages"}],"about":[{"href":"https:\/\/unepausenchantelle.fr\/index.php\/wp-json\/wp\/v2\/types\/page"}],"author":[{"embeddable":true,"href":"https:\/\/unepausenchantelle.fr\/index.php\/wp-json\/wp\/v2\/users\/1"}],"replies":[{"embeddable":true,"href":"https:\/\/unepausenchantelle.fr\/index.php\/wp-json\/wp\/v2\/comments?post=509"}],"version-history":[{"count":44,"href":"https:\/\/unepausenchantelle.fr\/index.php\/wp-json\/wp\/v2\/pages\/509\/revisions"}],"predecessor-version":[{"id":1577,"href":"https:\/\/unepausenchantelle.fr\/index.php\/wp-json\/wp\/v2\/pages\/509\/revisions\/1577"}],"wp:featuredmedia":[{"embeddable":true,"href":"https:\/\/unepausenchantelle.fr\/index.php\/wp-json\/wp\/v2\/media\/651"}],"wp:attachment":[{"href":"https:\/\/unepausenchantelle.fr\/index.php\/wp-json\/wp\/v2\/media?parent=509"}],"curies":[{"name":"wp","href":"https:\/\/api.w.org\/{rel}","templated":true}]}}