{"id":1036,"date":"2021-04-20T18:35:22","date_gmt":"2021-04-20T16:35:22","guid":{"rendered":"http:\/\/unepausenchantelle.fr\/?page_id=1036"},"modified":"2021-04-28T18:17:37","modified_gmt":"2021-04-28T16:17:37","slug":"mentions-legales","status":"publish","type":"page","link":"https:\/\/unepausenchantelle.fr\/index.php\/mentions-legales\/","title":{"rendered":"Mentions l\u00e9gales"},"content":{"rendered":"\n<p>Administration du site :   Molinari Catherine et Alain 35 rue de Bourgneuf 03140 Chantelle<\/p>\n\n\n\n<p>Directrice de publication :   Catherine Molinari<\/p>\n\n\n\n<p>Pour nous contacter :   catherinemolinari03@gmail.com  06 12 11 58 15<\/p>\n\n\n\n<p>H\u00e9bergement :   OVH, 2 rue Kellermann 59100 ROUBAIX, France 0820. 69.87.65<\/p>\n","protected":false},"excerpt":{"rendered":"<p>Administration du site : Molinari Catherine et Alain 35 rue de Bourgneuf 03140 Chantelle Directrice de publication : Catherine Molinari Pour nous contacter : catherinemolinari03@gmail.com 06 12 11 58 15 H\u00e9bergement : OVH, 2 rue Kellermann 59100 ROUBAIX, France 0820. 69.87.65<\/p>\n","protected":false},"author":1,"featured_media":0,"parent":0,"menu_order":0,"comment_status":"closed","ping_status":"closed","template":"","meta":[],"yoast_head":"<!-- This site is optimized with the Yoast SEO plugin v21.8.1 - https:\/\/yoast.com\/wordpress\/plugins\/seo\/ -->\n<title>Mentions l\u00e9gales - Une pause en Chantelle<\/title>\n<meta name=\"robots\" content=\"index, follow, max-snippet:-1, max-image-preview:large, max-video-preview:-1\" \/>\n<link rel=\"canonical\" href=\"https:\/\/unepausenchantelle.fr\/index.php\/mentions-legales\/\" \/>\n<meta property=\"og:locale\" content=\"fr_FR\" \/>\n<meta property=\"og:type\" content=\"article\" \/>\n<meta property=\"og:title\" content=\"Mentions l\u00e9gales - Une pause en Chantelle\" \/>\n<meta property=\"og:description\" content=\"Administration du site : Molinari Catherine et Alain 35 rue de Bourgneuf 03140 Chantelle Directrice de publication : Catherine Molinari Pour nous contacter : catherinemolinari03@gmail.com 06 12 11 58 15 H\u00e9bergement : OVH, 2 rue Kellermann 59100 ROUBAIX, France 0820. 69.87.65\" \/>\n<meta property=\"og:url\" content=\"https:\/\/unepausenchantelle.fr\/index.php\/mentions-legales\/\" \/>\n<meta property=\"og:site_name\" content=\"Une pause en Chantelle\" \/>\n<meta property=\"article:modified_time\" content=\"2021-04-28T16:17:37+00:00\" \/>\n<meta name=\"twitter:card\" content=\"summary_large_image\" \/>\n<script type=\"application\/ld+json\" class=\"yoast-schema-graph\">{\"@context\":\"https:\/\/schema.org\",\"@graph\":[{\"@type\":\"WebPage\",\"@id\":\"https:\/\/unepausenchantelle.fr\/index.php\/mentions-legales\/\",\"url\":\"https:\/\/unepausenchantelle.fr\/index.php\/mentions-legales\/\",\"name\":\"Mentions l\u00e9gales - Une pause en Chantelle\",\"isPartOf\":{\"@id\":\"https:\/\/unepausenchantelle.fr\/#website\"},\"datePublished\":\"2021-04-20T16:35:22+00:00\",\"dateModified\":\"2021-04-28T16:17:37+00:00\",\"breadcrumb\":{\"@id\":\"https:\/\/unepausenchantelle.fr\/index.php\/mentions-legales\/#breadcrumb\"},\"inLanguage\":\"fr-FR\",\"potentialAction\":[{\"@type\":\"ReadAction\",\"target\":[\"https:\/\/unepausenchantelle.fr\/index.php\/mentions-legales\/\"]}]},{\"@type\":\"BreadcrumbList\",\"@id\":\"https:\/\/unepausenchantelle.fr\/index.php\/mentions-legales\/#breadcrumb\",\"itemListElement\":[{\"@type\":\"ListItem\",\"position\":1,\"name\":\"Accueil\",\"item\":\"https:\/\/unepausenchantelle.fr\/\"},{\"@type\":\"ListItem\",\"position\":2,\"name\":\"Mentions l\u00e9gales\"}]},{\"@type\":\"WebSite\",\"@id\":\"https:\/\/unepausenchantelle.fr\/#website\",\"url\":\"https:\/\/unepausenchantelle.fr\/\",\"name\":\"Une pause en Chantelle\",\"description\":\"Une chambre \u00e0 la campagne vous est r\u00e9serv\u00e9e pour une pause bien m\u00e9rit\u00e9e !  Apr\u00e8s le copieux petit d\u00e9j du lendemain, continuez sereinement votre route ou prenez le temps de d\u00e9couvrir le charme local...\",\"publisher\":{\"@id\":\"https:\/\/unepausenchantelle.fr\/#organization\"},\"potentialAction\":[{\"@type\":\"SearchAction\",\"target\":{\"@type\":\"EntryPoint\",\"urlTemplate\":\"https:\/\/unepausenchantelle.fr\/?s={search_term_string}\"},\"query-input\":\"required name=search_term_string\"}],\"inLanguage\":\"fr-FR\"},{\"@type\":\"Organization\",\"@id\":\"https:\/\/unepausenchantelle.fr\/#organization\",\"name\":\"unepausenchantelle.fr\",\"url\":\"https:\/\/unepausenchantelle.fr\/\",\"logo\":{\"@type\":\"ImageObject\",\"inLanguage\":\"fr-FR\",\"@id\":\"https:\/\/unepausenchantelle.fr\/#\/schema\/logo\/image\/\",\"url\":\"https:\/\/unepausenchantelle.fr\/wp-content\/uploads\/2021\/04\/Chambre-scaled.jpg\",\"contentUrl\":\"https:\/\/unepausenchantelle.fr\/wp-content\/uploads\/2021\/04\/Chambre-scaled.jpg\",\"width\":2560,\"height\":1697,\"caption\":\"unepausenchantelle.fr\"},\"image\":{\"@id\":\"https:\/\/unepausenchantelle.fr\/#\/schema\/logo\/image\/\"}}]}<\/script>\n<!-- \/ Yoast SEO plugin. -->","yoast_head_json":{"title":"Mentions l\u00e9gales - Une pause en Chantelle","robots":{"index":"index","follow":"follow","max-snippet":"max-snippet:-1","max-image-preview":"max-image-preview:large","max-video-preview":"max-video-preview:-1"},"canonical":"https:\/\/unepausenchantelle.fr\/index.php\/mentions-legales\/","og_locale":"fr_FR","og_type":"article","og_title":"Mentions l\u00e9gales - Une pause en Chantelle","og_description":"Administration du site : Molinari Catherine et Alain 35 rue de Bourgneuf 03140 Chantelle Directrice de publication : Catherine Molinari Pour nous contacter : catherinemolinari03@gmail.com 06 12 11 58 15 H\u00e9bergement : OVH, 2 rue Kellermann 59100 ROUBAIX, France 0820. 69.87.65","og_url":"https:\/\/unepausenchantelle.fr\/index.php\/mentions-legales\/","og_site_name":"Une pause en Chantelle","article_modified_time":"2021-04-28T16:17:37+00:00","twitter_card":"summary_large_image","schema":{"@context":"https:\/\/schema.org","@graph":[{"@type":"WebPage","@id":"https:\/\/unepausenchantelle.fr\/index.php\/mentions-legales\/","url":"https:\/\/unepausenchantelle.fr\/index.php\/mentions-legales\/","name":"Mentions l\u00e9gales - Une pause en Chantelle","isPartOf":{"@id":"https:\/\/unepausenchantelle.fr\/#website"},"datePublished":"2021-04-20T16:35:22+00:00","dateModified":"2021-04-28T16:17:37+00:00","breadcrumb":{"@id":"https:\/\/unepausenchantelle.fr\/index.php\/mentions-legales\/#breadcrumb"},"inLanguage":"fr-FR","potentialAction":[{"@type":"ReadAction","target":["https:\/\/unepausenchantelle.fr\/index.php\/mentions-legales\/"]}]},{"@type":"BreadcrumbList","@id":"https:\/\/unepausenchantelle.fr\/index.php\/mentions-legales\/#breadcrumb","itemListElement":[{"@type":"ListItem","position":1,"name":"Accueil","item":"https:\/\/unepausenchantelle.fr\/"},{"@type":"ListItem","position":2,"name":"Mentions l\u00e9gales"}]},{"@type":"WebSite","@id":"https:\/\/unepausenchantelle.fr\/#website","url":"https:\/\/unepausenchantelle.fr\/","name":"Une pause en Chantelle","description":"Une chambre \u00e0 la campagne vous est r\u00e9serv\u00e9e pour une pause bien m\u00e9rit\u00e9e !  Apr\u00e8s le copieux petit d\u00e9j du lendemain, continuez sereinement votre route ou prenez le temps de d\u00e9couvrir le charme local...","publisher":{"@id":"https:\/\/unepausenchantelle.fr\/#organization"},"potentialAction":[{"@type":"SearchAction","target":{"@type":"EntryPoint","urlTemplate":"https:\/\/unepausenchantelle.fr\/?s={search_term_string}"},"query-input":"required name=search_term_string"}],"inLanguage":"fr-FR"},{"@type":"Organization","@id":"https:\/\/unepausenchantelle.fr\/#organization","name":"unepausenchantelle.fr","url":"https:\/\/unepausenchantelle.fr\/","logo":{"@type":"ImageObject","inLanguage":"fr-FR","@id":"https:\/\/unepausenchantelle.fr\/#\/schema\/logo\/image\/","url":"https:\/\/unepausenchantelle.fr\/wp-content\/uploads\/2021\/04\/Chambre-scaled.jpg","contentUrl":"https:\/\/unepausenchantelle.fr\/wp-content\/uploads\/2021\/04\/Chambre-scaled.jpg","width":2560,"height":1697,"caption":"unepausenchantelle.fr"},"image":{"@id":"https:\/\/unepausenchantelle.fr\/#\/schema\/logo\/image\/"}}]}},"jetpack_sharing_enabled":true,"_links":{"self":[{"href":"https:\/\/unepausenchantelle.fr\/index.php\/wp-json\/wp\/v2\/pages\/1036"}],"collection":[{"href":"https:\/\/unepausenchantelle.fr\/index.php\/wp-json\/wp\/v2\/pages"}],"about":[{"href":"https:\/\/unepausenchantelle.fr\/index.php\/wp-json\/wp\/v2\/types\/page"}],"author":[{"embeddable":true,"href":"https:\/\/unepausenchantelle.fr\/index.php\/wp-json\/wp\/v2\/users\/1"}],"replies":[{"embeddable":true,"href":"https:\/\/unepausenchantelle.fr\/index.php\/wp-json\/wp\/v2\/comments?post=1036"}],"version-history":[{"count":4,"href":"https:\/\/unepausenchantelle.fr\/index.php\/wp-json\/wp\/v2\/pages\/1036\/revisions"}],"predecessor-version":[{"id":1274,"href":"https:\/\/unepausenchantelle.fr\/index.php\/wp-json\/wp\/v2\/pages\/1036\/revisions\/1274"}],"wp:attachment":[{"href":"https:\/\/unepausenchantelle.fr\/index.php\/wp-json\/wp\/v2\/media?parent=1036"}],"curies":[{"name":"wp","href":"https:\/\/api.w.org\/{rel}","templated":true}]}}